{"id":96,"date":"2025-05-31T23:52:40","date_gmt":"2025-05-31T21:52:40","guid":{"rendered":"https:\/\/www.minecraft.le-perray.fr\/?page_id=96"},"modified":"2026-02-12T20:12:45","modified_gmt":"2026-02-12T19:12:45","slug":"le-serveur","status":"publish","type":"page","link":"https:\/\/www.minecraft.le-perray.fr\/index.php\/le-serveur\/","title":{"rendered":"Le Serveur"},"content":{"rendered":"\t\t<div data-elementor-type=\"wp-page\" data-elementor-id=\"96\" class=\"elementor elementor-96\" data-elementor-post-type=\"page\">\n\t\t\t\t\t\t<section class=\"elementor-section elementor-top-section elementor-element elementor-element-4c3a7f6 elementor-section-height-min-height elementor-section-boxed elementor-section-height-default elementor-section-items-middle\" data-id=\"4c3a7f6\" data-element_type=\"section\" data-settings=\"{&quot;background_background&quot;:&quot;classic&quot;}\">\n\t\t\t\t\t\t\t<div class=\"elementor-background-overlay\"><\/div>\n\t\t\t\t\t\t\t<div class=\"elementor-container elementor-column-gap-no\">\n\t\t\t\t\t<div class=\"elementor-column elementor-col-100 elementor-top-column elementor-element elementor-element-760a6ce9\" data-id=\"760a6ce9\" data-element_type=\"column\">\n\t\t\t<div class=\"elementor-widget-wrap elementor-element-populated\">\n\t\t\t\t\t\t<div class=\"elementor-element elementor-element-3953eb41 elementor-widget elementor-widget-heading\" data-id=\"3953eb41\" data-element_type=\"widget\" data-widget_type=\"heading.default\">\n\t\t\t\t<div class=\"elementor-widget-container\">\n\t\t\t\t\t<h1 class=\"elementor-heading-title elementor-size-default\">Le serveur<\/h1>\t\t\t\t<\/div>\n\t\t\t\t<\/div>\n\t\t\t\t<div class=\"elementor-element elementor-element-4256b5ec elementor-invisible elementor-widget elementor-widget-spacer\" data-id=\"4256b5ec\" data-element_type=\"widget\" data-settings=\"{&quot;_animation&quot;:&quot;fadeInUp&quot;}\" data-widget_type=\"spacer.default\">\n\t\t\t\t<div class=\"elementor-widget-container\">\n\t\t\t\t\t\t\t<div class=\"elementor-spacer\">\n\t\t\t<div class=\"elementor-spacer-inner\"><\/div>\n\t\t<\/div>\n\t\t\t\t\t\t<\/div>\n\t\t\t\t<\/div>\n\t\t\t\t<div class=\"elementor-element elementor-element-4d06f9e9 elementor-widget elementor-widget-text-editor\" data-id=\"4d06f9e9\" data-element_type=\"widget\" data-widget_type=\"text-editor.default\">\n\t\t\t\t<div class=\"elementor-widget-container\">\n\t\t\t\t\t\t\t\t\t<p>Un ouf dans une cave<\/p>\t\t\t\t\t\t\t\t<\/div>\n\t\t\t\t<\/div>\n\t\t\t\t<div class=\"elementor-element elementor-element-b74ff4a elementor-fixed elementor-widget elementor-widget-button\" data-id=\"b74ff4a\" data-element_type=\"widget\" data-settings=\"{&quot;_position&quot;:&quot;fixed&quot;}\" data-widget_type=\"button.default\">\n\t\t\t\t<div class=\"elementor-widget-container\">\n\t\t\t\t\t\t\t\t\t<div class=\"elementor-button-wrapper\">\n\t\t\t\t\t<a class=\"elementor-button elementor-button-link elementor-size-sm\" href=\"https:\/\/www.minecraft.le-perray.fr\">\n\t\t\t\t\t\t<span class=\"elementor-button-content-wrapper\">\n\t\t\t\t\t\t\t\t\t<span class=\"elementor-button-text\">&lt; Retour<\/span>\n\t\t\t\t\t<\/span>\n\t\t\t\t\t<\/a>\n\t\t\t\t<\/div>\n\t\t\t\t\t\t\t\t<\/div>\n\t\t\t\t<\/div>\n\t\t\t\t\t<\/div>\n\t\t<\/div>\n\t\t\t\t\t<\/div>\n\t\t<\/section>\n\t\t\t\t<section class=\"elementor-section elementor-top-section elementor-element elementor-element-665fb78f elementor-section-boxed elementor-section-height-default elementor-section-height-default\" data-id=\"665fb78f\" data-element_type=\"section\" data-settings=\"{&quot;background_background&quot;:&quot;classic&quot;}\">\n\t\t\t\t\t\t\t<div class=\"elementor-background-overlay\"><\/div>\n\t\t\t\t\t\t\t<div class=\"elementor-container elementor-column-gap-default\">\n\t\t\t\t\t<div class=\"elementor-column elementor-col-33 elementor-top-column elementor-element elementor-element-443928a6\" data-id=\"443928a6\" data-element_type=\"column\" data-settings=\"{&quot;background_background&quot;:&quot;classic&quot;}\">\n\t\t\t<div class=\"elementor-widget-wrap elementor-element-populated\">\n\t\t\t\t\t\t<div class=\"elementor-element elementor-element-4da8f0bf elementor-widget elementor-widget-image\" data-id=\"4da8f0bf\" data-element_type=\"widget\" data-widget_type=\"image.default\">\n\t\t\t\t<div class=\"elementor-widget-container\">\n\t\t\t\t\t\t\t\t\t\t\t\t\t\t\t<img fetchpriority=\"high\" decoding=\"async\" width=\"500\" height=\"500\" src=\"https:\/\/www.minecraft.le-perray.fr\/wp-content\/uploads\/2025\/06\/69502-dell-poweredge-t330-tower-500x500-1.jpg\" class=\"attachment-medium_large size-medium_large wp-image-191\" alt=\"\" srcset=\"https:\/\/www.minecraft.le-perray.fr\/wp-content\/uploads\/2025\/06\/69502-dell-poweredge-t330-tower-500x500-1.jpg 500w, https:\/\/www.minecraft.le-perray.fr\/wp-content\/uploads\/2025\/06\/69502-dell-poweredge-t330-tower-500x500-1-300x300.jpg 300w, https:\/\/www.minecraft.le-perray.fr\/wp-content\/uploads\/2025\/06\/69502-dell-poweredge-t330-tower-500x500-1-150x150.jpg 150w\" sizes=\"(max-width: 500px) 100vw, 500px\" \/>\t\t\t\t\t\t\t\t\t\t\t\t\t\t\t<\/div>\n\t\t\t\t<\/div>\n\t\t\t\t<div class=\"elementor-element elementor-element-f66aa98 elementor-widget elementor-widget-heading\" data-id=\"f66aa98\" data-element_type=\"widget\" data-widget_type=\"heading.default\">\n\t\t\t\t<div class=\"elementor-widget-container\">\n\t\t\t\t\t<h3 class=\"elementor-heading-title elementor-size-default\">DELL T350<\/h3>\t\t\t\t<\/div>\n\t\t\t\t<\/div>\n\t\t\t\t<div class=\"elementor-element elementor-element-23fc36ba elementor-invisible elementor-widget elementor-widget-spacer\" data-id=\"23fc36ba\" data-element_type=\"widget\" data-settings=\"{&quot;_animation&quot;:&quot;fadeInLeft&quot;,&quot;_animation_delay&quot;:200}\" data-widget_type=\"spacer.default\">\n\t\t\t\t<div class=\"elementor-widget-container\">\n\t\t\t\t\t\t\t<div class=\"elementor-spacer\">\n\t\t\t<div class=\"elementor-spacer-inner\"><\/div>\n\t\t<\/div>\n\t\t\t\t\t\t<\/div>\n\t\t\t\t<\/div>\n\t\t\t\t<div class=\"elementor-element elementor-element-45bc4148 elementor-widget elementor-widget-text-editor\" data-id=\"45bc4148\" data-element_type=\"widget\" data-widget_type=\"text-editor.default\">\n\t\t\t\t<div class=\"elementor-widget-container\">\n\t\t\t\t\t\t\t\t\t<p>Serveur retrait\u00e9<\/p>\t\t\t\t\t\t\t\t<\/div>\n\t\t\t\t<\/div>\n\t\t\t\t<div class=\"elementor-element elementor-element-2e289b7c elementor-widget elementor-widget-heading\" data-id=\"2e289b7c\" data-element_type=\"widget\" data-widget_type=\"heading.default\">\n\t\t\t\t<div class=\"elementor-widget-container\">\n\t\t\t\t\t<h3 class=\"elementor-heading-title elementor-size-default\">Skill Set<\/h3>\t\t\t\t<\/div>\n\t\t\t\t<\/div>\n\t\t\t\t<section class=\"elementor-section elementor-inner-section elementor-element elementor-element-17b9c10 elementor-section-boxed elementor-section-height-default elementor-section-height-default\" data-id=\"17b9c10\" data-element_type=\"section\">\n\t\t\t\t\t\t<div class=\"elementor-container elementor-column-gap-default\">\n\t\t\t\t\t<div class=\"elementor-column elementor-col-50 elementor-inner-column elementor-element elementor-element-41228c59\" data-id=\"41228c59\" data-element_type=\"column\">\n\t\t\t<div class=\"elementor-widget-wrap elementor-element-populated\">\n\t\t\t\t\t\t<div class=\"elementor-element elementor-element-b1cf3a8 elementor-widget elementor-widget-progress\" data-id=\"b1cf3a8\" data-element_type=\"widget\" data-widget_type=\"progress.default\">\n\t\t\t\t<div class=\"elementor-widget-container\">\n\t\t\t\t\t\t\t\t<span class=\"elementor-title\" id=\"elementor-progress-bar-b1cf3a8\">\n\t\t\t\tRobustesse\t\t\t<\/span>\n\t\t\n\t\t<div aria-labelledby=\"elementor-progress-bar-b1cf3a8\" class=\"elementor-progress-wrapper\" role=\"progressbar\" aria-valuemin=\"0\" aria-valuemax=\"100\" aria-valuenow=\"100\">\n\t\t\t<div class=\"elementor-progress-bar\" data-max=\"100\">\n\t\t\t\t<span class=\"elementor-progress-text\"><\/span>\n\t\t\t\t\t\t\t\t\t<span class=\"elementor-progress-percentage\">100%<\/span>\n\t\t\t\t\t\t\t<\/div>\n\t\t<\/div>\n\t\t\t\t\t\t<\/div>\n\t\t\t\t<\/div>\n\t\t\t\t<div class=\"elementor-element elementor-element-7fa9d4aa elementor-widget elementor-widget-progress\" data-id=\"7fa9d4aa\" data-element_type=\"widget\" data-widget_type=\"progress.default\">\n\t\t\t\t<div class=\"elementor-widget-container\">\n\t\t\t\t\t\t\t\t<span class=\"elementor-title\" id=\"elementor-progress-bar-7fa9d4aa\">\n\t\t\t\tStockage\t\t\t<\/span>\n\t\t\n\t\t<div aria-labelledby=\"elementor-progress-bar-7fa9d4aa\" class=\"elementor-progress-wrapper\" role=\"progressbar\" aria-valuemin=\"0\" aria-valuemax=\"100\" aria-valuenow=\"50\">\n\t\t\t<div class=\"elementor-progress-bar\" data-max=\"50\">\n\t\t\t\t<span class=\"elementor-progress-text\"><\/span>\n\t\t\t\t\t\t\t\t\t<span class=\"elementor-progress-percentage\">50%<\/span>\n\t\t\t\t\t\t\t<\/div>\n\t\t<\/div>\n\t\t\t\t\t\t<\/div>\n\t\t\t\t<\/div>\n\t\t\t\t<div class=\"elementor-element elementor-element-5b2b2117 elementor-widget elementor-widget-progress\" data-id=\"5b2b2117\" data-element_type=\"widget\" data-widget_type=\"progress.default\">\n\t\t\t\t<div class=\"elementor-widget-container\">\n\t\t\t\t\t\t\t\t<span class=\"elementor-title\" id=\"elementor-progress-bar-5b2b2117\">\n\t\t\t\t\u00c9nergie\t\t\t<\/span>\n\t\t\n\t\t<div aria-labelledby=\"elementor-progress-bar-5b2b2117\" class=\"elementor-progress-wrapper\" role=\"progressbar\" aria-valuemin=\"0\" aria-valuemax=\"100\" aria-valuenow=\"24\">\n\t\t\t<div class=\"elementor-progress-bar\" data-max=\"24\">\n\t\t\t\t<span class=\"elementor-progress-text\"><\/span>\n\t\t\t\t\t\t\t\t\t<span class=\"elementor-progress-percentage\">24%<\/span>\n\t\t\t\t\t\t\t<\/div>\n\t\t<\/div>\n\t\t\t\t\t\t<\/div>\n\t\t\t\t<\/div>\n\t\t\t\t\t<\/div>\n\t\t<\/div>\n\t\t\t\t<div class=\"elementor-column elementor-col-50 elementor-inner-column elementor-element elementor-element-3876ae64\" data-id=\"3876ae64\" data-element_type=\"column\">\n\t\t\t<div class=\"elementor-widget-wrap elementor-element-populated\">\n\t\t\t\t\t\t<div class=\"elementor-element elementor-element-187832eb elementor-widget elementor-widget-progress\" data-id=\"187832eb\" data-element_type=\"widget\" data-widget_type=\"progress.default\">\n\t\t\t\t<div class=\"elementor-widget-container\">\n\t\t\t\t\t\t\t\t<span class=\"elementor-title\" id=\"elementor-progress-bar-187832eb\">\n\t\t\t\tPerformance\t\t\t<\/span>\n\t\t\n\t\t<div aria-labelledby=\"elementor-progress-bar-187832eb\" class=\"elementor-progress-wrapper\" role=\"progressbar\" aria-valuemin=\"0\" aria-valuemax=\"100\" aria-valuenow=\"55\">\n\t\t\t<div class=\"elementor-progress-bar\" data-max=\"55\">\n\t\t\t\t<span class=\"elementor-progress-text\"><\/span>\n\t\t\t\t\t\t\t\t\t<span class=\"elementor-progress-percentage\">55%<\/span>\n\t\t\t\t\t\t\t<\/div>\n\t\t<\/div>\n\t\t\t\t\t\t<\/div>\n\t\t\t\t<\/div>\n\t\t\t\t<div class=\"elementor-element elementor-element-36297b8e elementor-widget elementor-widget-progress\" data-id=\"36297b8e\" data-element_type=\"widget\" data-widget_type=\"progress.default\">\n\t\t\t\t<div class=\"elementor-widget-container\">\n\t\t\t\t\t\t\t\t<span class=\"elementor-title\" id=\"elementor-progress-bar-36297b8e\">\n\t\t\t\tEvolutivit\u00e9\t\t\t<\/span>\n\t\t\n\t\t<div aria-labelledby=\"elementor-progress-bar-36297b8e\" class=\"elementor-progress-wrapper\" role=\"progressbar\" aria-valuemin=\"0\" aria-valuemax=\"100\" aria-valuenow=\"99\">\n\t\t\t<div class=\"elementor-progress-bar\" data-max=\"99\">\n\t\t\t\t<span class=\"elementor-progress-text\"><\/span>\n\t\t\t\t\t\t\t\t\t<span class=\"elementor-progress-percentage\">99%<\/span>\n\t\t\t\t\t\t\t<\/div>\n\t\t<\/div>\n\t\t\t\t\t\t<\/div>\n\t\t\t\t<\/div>\n\t\t\t\t<div class=\"elementor-element elementor-element-7c6c6eb3 elementor-widget elementor-widget-progress\" data-id=\"7c6c6eb3\" data-element_type=\"widget\" data-widget_type=\"progress.default\">\n\t\t\t\t<div class=\"elementor-widget-container\">\n\t\t\t\t\t\t\t\t<span class=\"elementor-title\" id=\"elementor-progress-bar-7c6c6eb3\">\n\t\t\t\tSilence\t\t\t<\/span>\n\t\t\n\t\t<div aria-labelledby=\"elementor-progress-bar-7c6c6eb3\" class=\"elementor-progress-wrapper\" role=\"progressbar\" aria-valuemin=\"0\" aria-valuemax=\"100\" aria-valuenow=\"23\">\n\t\t\t<div class=\"elementor-progress-bar\" data-max=\"23\">\n\t\t\t\t<span class=\"elementor-progress-text\"><\/span>\n\t\t\t\t\t\t\t\t\t<span class=\"elementor-progress-percentage\">23%<\/span>\n\t\t\t\t\t\t\t<\/div>\n\t\t<\/div>\n\t\t\t\t\t\t<\/div>\n\t\t\t\t<\/div>\n\t\t\t\t\t<\/div>\n\t\t<\/div>\n\t\t\t\t\t<\/div>\n\t\t<\/section>\n\t\t\t\t\t<\/div>\n\t\t<\/div>\n\t\t\t\t<div class=\"elementor-column elementor-col-66 elementor-top-column elementor-element elementor-element-fa20faa\" data-id=\"fa20faa\" data-element_type=\"column\" data-settings=\"{&quot;background_background&quot;:&quot;classic&quot;}\">\n\t\t\t<div class=\"elementor-widget-wrap elementor-element-populated\">\n\t\t\t\t\t\t<div class=\"elementor-element elementor-element-1e2397c elementor-invisible elementor-widget elementor-widget-spacer\" data-id=\"1e2397c\" data-element_type=\"widget\" data-settings=\"{&quot;_animation&quot;:&quot;fadeInLeft&quot;,&quot;_animation_delay&quot;:200}\" data-widget_type=\"spacer.default\">\n\t\t\t\t<div class=\"elementor-widget-container\">\n\t\t\t\t\t\t\t<div class=\"elementor-spacer\">\n\t\t\t<div class=\"elementor-spacer-inner\"><\/div>\n\t\t<\/div>\n\t\t\t\t\t\t<\/div>\n\t\t\t\t<\/div>\n\t\t\t\t<div class=\"elementor-element elementor-element-14ffaa32 elementor-invisible elementor-widget elementor-widget-heading\" data-id=\"14ffaa32\" data-element_type=\"widget\" data-settings=\"{&quot;_animation&quot;:&quot;fadeInUp&quot;}\" data-widget_type=\"heading.default\">\n\t\t\t\t<div class=\"elementor-widget-container\">\n\t\t\t\t\t<h3 class=\"elementor-heading-title elementor-size-default\">A Propos du serveur<\/h3>\t\t\t\t<\/div>\n\t\t\t\t<\/div>\n\t\t\t\t<div class=\"elementor-element elementor-element-36766cae elementor-widget elementor-widget-text-editor\" data-id=\"36766cae\" data-element_type=\"widget\" data-widget_type=\"text-editor.default\">\n\t\t\t\t<div class=\"elementor-widget-container\">\n\t\t\t\t\t\t\t\t\t<p data-start=\"190\" data-end=\"541\">Dans les profondeurs d&rsquo;une cave sombre, au c\u0153ur d&rsquo;une vieille long\u00e8re r\u00e9am\u00e9nag\u00e9e, vit un monstre d\u2019acier et de silicium.<br data-start=\"310\" data-end=\"313\" \/>Un ancien serveur d\u2019entreprise, autrefois vou\u00e9 \u00e0 g\u00e9rer des donn\u00e9es comptables soporifiques, a \u00e9t\u00e9 <strong data-start=\"411\" data-end=\"425\">ressuscit\u00e9<\/strong>, <strong data-start=\"427\" data-end=\"441\">r\u00e9assembl\u00e9<\/strong>, <strong data-start=\"443\" data-end=\"451\">dop\u00e9<\/strong>, puis <strong data-start=\"458\" data-end=\"468\">lib\u00e9r\u00e9<\/strong> pour une toute autre mission : <strong data-start=\"500\" data-end=\"540\">h\u00e9berger le monde fabuleux du Perray<\/strong>.<\/p><p data-start=\"543\" data-end=\"812\">Ce n\u2019est pas une tour gaming flashy. Ce n\u2019est pas un cloud am\u00e9ricain dans une ferme \u00e0 data.<br data-start=\"634\" data-end=\"637\" \/>Non, ici on parle de <strong data-start=\"658\" data-end=\"678\">hardware rugueux<\/strong>, de <strong data-start=\"683\" data-end=\"700\">Linux costaud<\/strong>, de <strong data-start=\"705\" data-end=\"728\">RAM ECC bien tass\u00e9e<\/strong>, et d\u2019un bon vieux <strong data-start=\"748\" data-end=\"771\">DELL PowerEdge T340<\/strong>, exhum\u00e9 du pass\u00e9, repens\u00e9 pour l\u2019avenir.<\/p><p data-start=\"814\" data-end=\"1122\">Il tourne dans une <strong data-start=\"833\" data-end=\"849\">cave fra\u00eeche<\/strong> (et un peu crade, soyons honn\u00eates), pour <strong data-start=\"891\" data-end=\"912\">absorber le bruit<\/strong> et profiter d\u2019une <strong data-start=\"931\" data-end=\"969\">temp\u00e9rature naturellement optimale<\/strong>.<br data-start=\"970\" data-end=\"973\" \/>Reli\u00e9 \u00e0 une <strong data-start=\"985\" data-end=\"1003\">fibre \u00e0 2 Gbps<\/strong> et propuls\u00e9 par un <strong data-start=\"1023\" data-end=\"1065\">r\u00e9seau UniFi taill\u00e9 comme un setup pro<\/strong>, le serveur Forge du Perray ne conna\u00eet ni lag, ni piti\u00e9.<\/p><p data-start=\"1124\" data-end=\"1345\">Pour l\u2019instant, le c\u0153ur du syst\u00e8me est un petit <strong data-start=\"1172\" data-end=\"1180\">Xeon<\/strong>, mais comme tout bon boss final, il \u00e9voluera au besoin.<br data-start=\"1236\" data-end=\"1239\" \/>Et s\u2019il flanche ? Pas de panique : <strong data-start=\"1274\" data-end=\"1317\">d\u2019autres serveurs veillent dans l\u2019ombre<\/strong>, pr\u00eats \u00e0 prendre le relais.<\/p><p data-start=\"1347\" data-end=\"1496\">Ce serveur, c\u2019est une l\u00e9gende en devenir.<br data-start=\"1388\" data-end=\"1391\" \/>Une forteresse souterraine.<br data-start=\"1418\" data-end=\"1421\" \/>Un hommage au LAN \u00e0 l\u2019ancienne, \u00e0 l\u2019artisanat num\u00e9rique, \u00e0 l\u2019esprit joueur.<\/p><p data-start=\"1498\" data-end=\"1565\">Bienvenue dans <strong data-start=\"1513\" data-end=\"1544\">le serveur de OUF du Perray<\/strong>.<br data-start=\"1545\" data-end=\"1548\" \/>Tu n\u2019es pas pr\u00eat.<\/p>\t\t\t\t\t\t\t\t<\/div>\n\t\t\t\t<\/div>\n\t\t\t\t<div class=\"elementor-element elementor-element-fa80c4c elementor-widget elementor-widget-html\" data-id=\"fa80c4c\" data-element_type=\"widget\" data-widget_type=\"html.default\">\n\t\t\t\t<div class=\"elementor-widget-container\">\n\t\t\t\t\t<div style=\"max-width: 720px; margin: auto; background: #f9f9f9; border: 1px solid #ddd; border-radius: 12px; padding: 24px; font-family: 'Segoe UI', sans-serif; box-shadow: 0 2px 10px rgba(0,0,0,0.04);\">\n  <h2 style=\"margin-top: 0; font-size: 24px; color: #333;\">\ud83e\udde9 Le serveur de OUF du Perray<\/h2>\n\n  <!-- Statut Live -->\n  <div id=\"mc-live\" style=\"margin-bottom: 24px; padding: 12px; border-left: 4px solid #9E845B; background: #fff;\">\n    <p style=\"margin: 0;\"><strong>Statut :<\/strong> <span id=\"mc-status\">Chargement...<\/span><\/p>\n    <p style=\"margin: 0;\"><strong>IP :<\/strong> <code id=\"mc-ip\">-<\/code><\/p>\n    <p style=\"margin: 0;\"><strong>Version :<\/strong> <span id=\"mc-version\">-<\/span><\/p>\n    <p style=\"margin: 0;\"><strong>Joueurs :<\/strong> <span id=\"mc-players\">-<\/span><\/p>\n    <p style=\"margin: 0;\"><strong>MOTD :<\/strong> <span id=\"mc-motd\">-<\/span><\/p>\n  <\/div>\n\n  <!-- Infos serveur fixes -->\n  <div style=\"margin-bottom: 16px;\">\n    <strong style=\"color: #555;\">Type :<\/strong> Minecraft Forge 1.21.11<br>\n    <strong style=\"color: #555;\">Carte :<\/strong> <a href=\"http:\/\/86.212.4.193:8100\" target=\"_blank\" style=\"color:#674B13;\">BlueMap en ligne<\/a><br>\n    <strong style=\"color: #555;\">Mods :<\/strong> <a href=\"\/mods\" style=\"color:#674B13;\">moins qu'avant<\/a>\n  <\/div>\n\n  <div style=\"margin-bottom: 16px;\">\n    <strong style=\"color: #555;\">Mat\u00e9riel :<\/strong><br>\n    DELL T340 \u2013 Xeon, 32 Go RAM ECC<br>\n    SSD syst\u00e8me + stockage s\u00e9par\u00e9<br>\n    Linux pur, dans une cave fra\u00eeche (v\u00e9ridique)\n  <\/div>\n\n  <div style=\"margin-bottom: 16px;\">\n    <strong style=\"color: #555;\">R\u00e9seau :<\/strong><br>\n    Fibre 2 Gbps, infra UniFi, DNS OVH\n  <\/div>\n\n  <div style=\"margin-bottom: 16px;\">\n    <strong style=\"color: #555;\">Sauvegardes :<\/strong><br>\n    Snapshots automatiques + NAS<br>\n    Rotation locale 14j \/ NAS 30j\n  <\/div>\n\n  <div style=\"font-size: 14px; color: #777; text-align: center; margin-top: 30px;\">\n    Serveur local pour voisins passionn\u00e9s. En ligne 24\/7 sauf si quelqu\u2019un a reboot\u00e9 sans pr\u00e9venir.\n  <\/div>\n<\/div>\n\n<script>\nfetch(\"https:\/\/api.mcsrvstat.us\/2\/86.212.4.193\")\n  .then(response => response.json())\n  .then(data => {\n    if (!data.online) {\n      document.getElementById(\"mc-status\").innerHTML = \"<span style='color:red;'>\u26d4 Hors ligne<\/span>\";\n      return;\n    }\n\n    document.getElementById(\"mc-status\").innerHTML = \"<span style='color:green;'>\u2705 En ligne<\/span>\";\n    document.getElementById(\"mc-ip\").textContent = `${data.ip}:${data.port}`;\n    document.getElementById(\"mc-version\").textContent = data.version;\n    document.getElementById(\"mc-players\").textContent = `${data.players.online} \/ ${data.players.max}`;\n    document.getElementById(\"mc-motd\").textContent = data.motd.clean.join(\" \");\n  })\n  .catch(error => {\n    document.getElementById(\"mc-status\").innerHTML = \"<span style='color:red;'>Erreur API<\/span>\";\n    console.error(\"Erreur API serveur Minecraft :\", error);\n  });\n<\/script>\n\t\t\t\t<\/div>\n\t\t\t\t<\/div>\n\t\t\t\t\t<\/div>\n\t\t<\/div>\n\t\t\t\t\t<\/div>\n\t\t<\/section>\n\t\t\t\t<section class=\"elementor-section elementor-top-section elementor-element elementor-element-91a52f6 elementor-section-boxed elementor-section-height-default elementor-section-height-default\" data-id=\"91a52f6\" data-element_type=\"section\" data-settings=\"{&quot;background_background&quot;:&quot;classic&quot;}\">\n\t\t\t\t\t\t\t<div class=\"elementor-background-overlay\"><\/div>\n\t\t\t\t\t\t\t<div class=\"elementor-container elementor-column-gap-default\">\n\t\t\t\t\t<div class=\"elementor-column elementor-col-100 elementor-top-column elementor-element elementor-element-dc1f6f9\" data-id=\"dc1f6f9\" data-element_type=\"column\">\n\t\t\t<div class=\"elementor-widget-wrap\">\n\t\t\t\t\t\t\t<\/div>\n\t\t<\/div>\n\t\t\t\t\t<\/div>\n\t\t<\/section>\n\t\t\t\t<\/div>\n\t\t","protected":false},"excerpt":{"rendered":"<p>Le serveur Un ouf dans une cave &lt; Retour DELL T350 Serveur retrait\u00e9 Skill Set Robustesse 100% Stockage 50% \u00c9nergie 24% Performance 55% Evolutivit\u00e9 99% Silence 23% A Propos du [&hellip;]<\/p>\n","protected":false},"author":1,"featured_media":0,"parent":0,"menu_order":0,"comment_status":"closed","ping_status":"closed","template":"elementor_header_footer","meta":{"footnotes":""},"class_list":["post-96","page","type-page","status-publish","hentry"],"_links":{"self":[{"href":"https:\/\/www.minecraft.le-perray.fr\/index.php\/wp-json\/wp\/v2\/pages\/96","targetHints":{"allow":["GET"]}}],"collection":[{"href":"https:\/\/www.minecraft.le-perray.fr\/index.php\/wp-json\/wp\/v2\/pages"}],"about":[{"href":"https:\/\/www.minecraft.le-perray.fr\/index.php\/wp-json\/wp\/v2\/types\/page"}],"author":[{"embeddable":true,"href":"https:\/\/www.minecraft.le-perray.fr\/index.php\/wp-json\/wp\/v2\/users\/1"}],"replies":[{"embeddable":true,"href":"https:\/\/www.minecraft.le-perray.fr\/index.php\/wp-json\/wp\/v2\/comments?post=96"}],"version-history":[{"count":28,"href":"https:\/\/www.minecraft.le-perray.fr\/index.php\/wp-json\/wp\/v2\/pages\/96\/revisions"}],"predecessor-version":[{"id":359,"href":"https:\/\/www.minecraft.le-perray.fr\/index.php\/wp-json\/wp\/v2\/pages\/96\/revisions\/359"}],"wp:attachment":[{"href":"https:\/\/www.minecraft.le-perray.fr\/index.php\/wp-json\/wp\/v2\/media?parent=96"}],"curies":[{"name":"wp","href":"https:\/\/api.w.org\/{rel}","templated":true}]}}